{"id":208,"date":"2025-04-24T04:13:17","date_gmt":"2025-04-24T04:13:17","guid":{"rendered":"http:\/\/samocarbon.com.vn\/?page_id=208"},"modified":"2025-04-26T15:31:27","modified_gmt":"2025-04-26T15:31:27","slug":"blog","status":"publish","type":"page","link":"https:\/\/samocarbon.com.vn\/index.php\/blog\/","title":{"rendered":"Blog"},"content":{"rendered":"\n\t<div class=\"img has-hover x md-x lg-x y md-y lg-y\" id=\"image_1934032579\">\n\t\t\t\t\t\t\t\t<div class=\"img-inner dark\" >\n\t\t\t<img loading=\"lazy\" decoding=\"async\" width=\"1020\" height=\"170\" src=\"https:\/\/samocarbon.com.vn\/wp-content\/uploads\/2025\/04\/sub1.jpg\" class=\"attachment-large size-large\" alt=\"\" \/>\t\t\t\t\t\t\n\t\t\t\t\t<\/div>\n\t\t\t\t\t\t\t\t\n<style>\n#image_1934032579 {\n  width: 100%;\n}\n<\/style>\n\t<\/div>\n\t\n\n<div class=\"row\"  id=\"row-919443091\">\n\n\n\t<div id=\"col-381823279\" class=\"col medium-3 small-12 large-3\"  >\n\t\t\t\t<div class=\"col-inner\"  >\n\t\t\t\n\t\t\t\n\n\n\n<div style=\"width: 250px; font-family: sans-serif; border: 1px solid #ccc; border-radius: 5px; padding: 10px; border-right: 15px solid #ccc;\">\n  <div style=\"display: flex; align-items: flex-start; gap: 10px; font-family: sans-serif;\">\n    <div style=\"font-size: 48px; color: #ddd; font-weight: bold;\">04<\/div>\n        <div>\n          <div style=\"font-size: 20px; font-weight: bold; color: #333;\">Archives<\/div>\n          <div style=\"font-size: 10px; color: #999;\">Will make customers happy with.<\/div>\n      <\/p>\n    <\/div>\n  <\/div>\n  <\/br>\n\n    <!-- Menu List -->\n    <div style=\"margin-bottom: 15px;\">\n        <ul style=\"list-style: none; padding: 0; margin: 0;\">\n            <li style=\"padding: 5px 0; font-size: 14px; color: #fff; font-weight: bold; border-bottom: 1px solid #eee; background-color: rgb(0, 102, 153);\">Archives<\/li>\n        <\/ul>\n    <\/div>\n\n    <!-- Contact Section -->\n    <div style=\"border: 1px solid #ccc; border-radius: 5px; padding: 10px; margin-bottom: 15px; background-color: #f9f9f9;\">\n        <div style=\"display: flex; align-items: center; gap: 10px;\">\n            <img decoding=\"async\" src=\"\/samocarbon\/wp-content\/uploads\/2025\/04\/icon.png\" alt=\"Contact Icon\" style=\"width: 30px; height: 30px; border-radius: 3px;\">\n            <div>\n                <div style=\"font-size: 14px; font-weight: bold; color: #333;\">Contact<\/div>\n                <div style=\"font-size: 12px; color: #666;\">If you have any questions, please leave.<\/div>\n            <\/div>\n        <\/div>\n    <\/div>\n\n    <!-- Archives Section -->\n    <div style=\"border: 1px solid #ccc; border-radius: 5px; padding: 10px; margin-bottom: 15px; background-color: #f9f9f9;\">\n        <div style=\"display: flex; align-items: center; gap: 10px;\">\n            <img decoding=\"async\" src=\"\/samocarbon\/wp-content\/uploads\/2025\/04\/icon2.png\" alt=\"Archives Icon\" style=\"width: 30px; height: 30px; border-radius: 3px;\">\n            <div>\n                <div style=\"font-size: 14px; font-weight: bold; color: #333;\">Archives<\/div>\n                <div style=\"font-size: 12px; color: #666;\">Pick up the necessary data.<\/div>\n            <\/div>\n        <\/div>\n    <\/div>\n\n    <!-- Carbon Tech Section -->\n    <div style=\"border: 1px solid #ccc; border-radius: 5px; padding: 10px; background-color: #f9f9f9;\">\n        <div style=\"display: flex; align-items: center; gap: 10px;\">\n            <img decoding=\"async\" src=\"\/samocarbon\/wp-content\/uploads\/2025\/04\/icon3.png\" alt=\"Carbon Tech Icon\" style=\"width: 50px; height: 50px; border-radius: 3px;\">\n            <div>\n                <div style=\"font-size: 14px; font-weight: bold; color: #333;\">Carbon Tech thirty-five Story<\/div>\n                <div style=\"font-size: 12px; color: #666;\">Customers to be happy.<\/div>\n                <div style=\"font-size: 12px; color: #0066cc; text-decoration: underline;\">Views<\/div>\n            <\/div>\n        <\/div>\n        <div style=\"font-size: 12px; color: #666; margin-top: 5px;\">\n            Customer: <span style=\"color: orange;\">82-31-434-9863<\/span>\n        <\/div>\n    <\/div>\n<\/div>\n\n\n\t\t<\/div>\n\t\t\t\t\t<\/div>\n\n\t\n\n\t<div id=\"col-133348591\" class=\"col medium-9 small-12 large-9\"  >\n\t\t\t\t<div class=\"col-inner\"  >\n\t\t\t\n\t\t\t\n\n<div class=\"row\"  id=\"row-1012708123\">\n\n\n\t<div id=\"col-1600569807\" class=\"col medium-7 small-12 large-7\"  >\n\t\t\t\t<div class=\"col-inner\"  >\n\t\t\t\n\t\t\t\n\n<div style=\"font-family: Arial, sans-serif; font-size: 13px; color: #333;\">\n  <strong>Archives<\/strong><br \/>\n  <span style=\"color: #aaa;\">| Company making Activated Carbon manufacturing plant only<\/span>\n<\/div>\n\n\t\t<\/div>\n\t\t\t\t\t<\/div>\n\n\t\n\n\t<div id=\"col-6640175\" class=\"col medium-5 small-12 large-5\"  >\n\t\t\t\t<div class=\"col-inner\"  >\n\t\t\t\n\t\t\t\n\n<div style=\"font-family: Arial, sans-serif; font-size: 13px; color: #333;\">\n  <span style=\"color: #aaa;\">Home > Archives >\t Archives<\/span>\n<\/div>\n\n\t\t<\/div>\n\t\t\t\t\t<\/div>\n\n\t\n\n<\/div>\n<div class=\"container section-title-container\" ><h3 class=\"section-title section-title-center\"><b><\/b><span class=\"section-title-main\" >Tin t\u1ee9c<\/span><b><\/b><\/h3><\/div>\n\n\n  \n    <div class=\"row large-columns-3 medium-columns-1 small-columns-1 row-small row-full-width slider row-slider slider-nav-reveal slider-nav-push\"  data-flickity-options='{\"imagesLoaded\": true, \"groupCells\": \"100%\", \"dragThreshold\" : 5, \"cellAlign\": \"left\",\"wrapAround\": true,\"prevNextButtons\": true,\"percentPosition\": true,\"pageDots\": false, \"rightToLeft\": false, \"autoPlay\" : false}' >\n\n  <\/div>\n\n<div class=\"container section-title-container\" ><h3 class=\"section-title section-title-center\"><b><\/b><span class=\"section-title-main\" >S\u1ef1 ki\u1ec7n<\/span><b><\/b><\/h3><\/div>\n\n\n  \n    <div class=\"row large-columns-3 medium-columns-1 small-columns-1 slider row-slider slider-nav-reveal slider-nav-push\"  data-flickity-options='{\"imagesLoaded\": true, \"groupCells\": \"100%\", \"dragThreshold\" : 5, \"cellAlign\": \"left\",\"wrapAround\": true,\"prevNextButtons\": true,\"percentPosition\": true,\"pageDots\": false, \"rightToLeft\": false, \"autoPlay\" : false}' >\n\n  <div class=\"col post-item\" >\n\t\t\t<div class=\"col-inner\">\n\t\t\t\t<div class=\"box box-normal box-text-bottom box-blog-post has-hover\">\n          \t\t\t\t\t<div class=\"box-text text-center\" >\n\t\t\t\t\t<div class=\"box-text-inner blog-post-inner\">\n\n\t\t\t\t\t\n\t\t\t\t\t\t\t\t\t\t<h5 class=\"post-title is-large \">\n\t\t\t\t\t\t<a href=\"https:\/\/samocarbon.com.vn\/index.php\/2025\/04\/23\/greetings\/\" class=\"plain\">L\u1ee3i \u00cdch C\u1ee7a Than Ho\u1ea1t T\u00ednh<\/a>\n\t\t\t\t\t<\/h5>\n\t\t\t\t\t<div class=\"post-meta is-small op-8\">23 Th\u00e1ng 4, 2025<\/div>\t\t\t\t\t<div class=\"is-divider\"><\/div>\n\t\t\t\t\t\t\t\t\t\t<p class=\"from_the_blog_excerpt \">\n\t\t\t\t\t\tThan Ho\u1ea1t T\u00ednh: Nh\u1eefng L\u1ee3i \u00cdch v\u00e0 \u1ee8ng D\u1ee5ng H\u1eefu \u00cdch Than ho\u1ea1t t\u00ednh l\u00e0 [...]\t\t\t\t\t<\/p>\n\t\t\t\t\t                    \n\t\t\t\t\t\n\t\t\t\t\t\n\t\t\t\t\t<\/div>\n\t\t\t\t\t<\/div>\n\t\t\t\t\t\t\t\t\t<\/div>\n\t\t\t<\/div>\n\t\t<\/div><div class=\"col post-item\" >\n\t\t\t<div class=\"col-inner\">\n\t\t\t\t<div class=\"box box-normal box-text-bottom box-blog-post has-hover\">\n          \t\t\t\t\t<div class=\"box-text text-center\" >\n\t\t\t\t\t<div class=\"box-text-inner blog-post-inner\">\n\n\t\t\t\t\t\n\t\t\t\t\t\t\t\t\t\t<h5 class=\"post-title is-large \">\n\t\t\t\t\t\t<a href=\"https:\/\/samocarbon.com.vn\/index.php\/2025\/04\/23\/chao-moi-nguoi\/\" class=\"plain\">Ch\u00e0o t\u1ea5t c\u1ea3 m\u1ecdi ng\u01b0\u1eddi!<\/a>\n\t\t\t\t\t<\/h5>\n\t\t\t\t\t<div class=\"post-meta is-small op-8\">23 Th\u00e1ng 4, 2025<\/div>\t\t\t\t\t<div class=\"is-divider\"><\/div>\n\t\t\t\t\t\t\t\t\t\t<p class=\"from_the_blog_excerpt \">\n\t\t\t\t\t\tC\u1ea3m \u01a1n v\u00ec \u0111\u00e3 s\u1eed d\u1ee5ng WordPress. \u0110\u00e2y l\u00e0 b\u00e0i vi\u1ebft \u0111\u1ea7u ti\u00ean c\u1ee7a b\u1ea1n. [...]\t\t\t\t\t<\/p>\n\t\t\t\t\t                                            <p class=\"from_the_blog_comments uppercase is-xsmall\">\n                            1 C\u00e1c b\u00ecnh lu\u1eadn                        <\/p>\n                    \n\t\t\t\t\t\n\t\t\t\t\t\n\t\t\t\t\t<\/div>\n\t\t\t\t\t<\/div>\n\t\t\t\t\t\t\t\t\t<\/div>\n\t\t\t<\/div>\n\t\t<\/div><\/div>\n\n\n\t\t<\/div>\n\t\t\t\t\t<\/div>\n\n\t\n\n<\/div>\n\n","protected":false},"excerpt":{"rendered":"","protected":false},"author":1,"featured_media":0,"parent":0,"menu_order":0,"comment_status":"closed","ping_status":"closed","template":"","meta":{"footnotes":""},"class_list":["post-208","page","type-page","status-publish","hentry"],"_links":{"self":[{"href":"https:\/\/samocarbon.com.vn\/index.php\/wp-json\/wp\/v2\/pages\/208","targetHints":{"allow":["GET"]}}],"collection":[{"href":"https:\/\/samocarbon.com.vn\/index.php\/wp-json\/wp\/v2\/pages"}],"about":[{"href":"https:\/\/samocarbon.com.vn\/index.php\/wp-json\/wp\/v2\/types\/page"}],"author":[{"embeddable":true,"href":"https:\/\/samocarbon.com.vn\/index.php\/wp-json\/wp\/v2\/users\/1"}],"replies":[{"embeddable":true,"href":"https:\/\/samocarbon.com.vn\/index.php\/wp-json\/wp\/v2\/comments?post=208"}],"version-history":[{"count":5,"href":"https:\/\/samocarbon.com.vn\/index.php\/wp-json\/wp\/v2\/pages\/208\/revisions"}],"predecessor-version":[{"id":273,"href":"https:\/\/samocarbon.com.vn\/index.php\/wp-json\/wp\/v2\/pages\/208\/revisions\/273"}],"wp:attachment":[{"href":"https:\/\/samocarbon.com.vn\/index.php\/wp-json\/wp\/v2\/media?parent=208"}],"curies":[{"name":"wp","href":"https:\/\/api.w.org\/{rel}","templated":true}]}}