{"id":2,"date":"2025-04-23T06:54:07","date_gmt":"2025-04-23T06:54:07","guid":{"rendered":"http:\/\/samocarbon.com.vn\/?page_id=2"},"modified":"2025-05-23T04:19:07","modified_gmt":"2025-05-23T04:19:07","slug":"trang-mau","status":"publish","type":"page","link":"https:\/\/samocarbon.com.vn\/","title":{"rendered":"Trang m\u1eabu"},"content":{"rendered":"\n\t<div class=\"box has-hover   has-hover box-text-bottom\" >\n\n\t\t<div class=\"box-image\" >\n\t\t\t\t\t\t<div class=\"\" >\n\t\t\t\t<img loading=\"lazy\" decoding=\"async\" width=\"1022\" height=\"421\" src=\"https:\/\/samocarbon.com.vn\/wp-content\/uploads\/2025\/05\/main.png\" class=\"attachment- size-\" alt=\"\" srcset=\"https:\/\/samocarbon.com.vn\/wp-content\/uploads\/2025\/05\/main.png 1022w, https:\/\/samocarbon.com.vn\/wp-content\/uploads\/2025\/05\/main-300x124.png 300w, https:\/\/samocarbon.com.vn\/wp-content\/uploads\/2025\/05\/main-768x316.png 768w\" sizes=\"auto, (max-width: 1022px) 100vw, 1022px\" \/>\t\t\t\t\t\t\t\t\t\t\t<\/div>\n\t\t\t\t\t<\/div>\n\n\t\t<div class=\"box-text text-center\" >\n\t\t\t<div class=\"box-text-inner\">\n\t\t\t\t\n\n<div class=\"row row-full-width\"  id=\"row-33213603\">\n\n\n\t<div id=\"col-1794056737\" class=\"col medium-4 small-12 large-4\"  >\n\t\t\t\t<div class=\"col-inner\"  >\n\t\t\t\n\t\t\t\n\n\n  \n    <div class=\"row large-columns-1 medium-columns-1 small-columns-1 has-shadow row-box-shadow-1 slider row-slider slider-nav-reveal slider-nav-push\"  data-flickity-options='{\"imagesLoaded\": true, \"groupCells\": \"100%\", \"dragThreshold\" : 5, \"cellAlign\": \"left\",\"wrapAround\": true,\"prevNextButtons\": true,\"percentPosition\": true,\"pageDots\": false, \"rightToLeft\": false, \"autoPlay\" : false}' >\n\n  <div class=\"col post-item\" >\n\t\t\t<div class=\"col-inner\">\n\t\t\t\t<div class=\"box box-default box-text-bottom box-blog-post has-hover\">\n          \t\t\t\t\t<div class=\"box-text text-left\" >\n\t\t\t\t\t<div class=\"box-text-inner blog-post-inner\">\n\n\t\t\t\t\t\n\t\t\t\t\t\t\t\t\t\t<h5 class=\"post-title is-large \">\n\t\t\t\t\t\t<a href=\"https:\/\/samocarbon.com.vn\/index.php\/2025\/04\/23\/greetings\/\" class=\"plain\">L\u1ee3i \u00cdch C\u1ee7a Than Ho\u1ea1t T\u00ednh<\/a>\n\t\t\t\t\t<\/h5>\n\t\t\t\t\t<div class=\"post-meta is-small op-8\">23 Th\u00e1ng 4, 2025<\/div>\t\t\t\t\t<div class=\"is-divider\"><\/div>\n\t\t\t\t\t\t\t\t\t\t<p class=\"from_the_blog_excerpt \">\n\t\t\t\t\t\tThan Ho\u1ea1t T\u00ednh: Nh\u1eefng L\u1ee3i \u00cdch v\u00e0 \u1ee8ng D\u1ee5ng H\u1eefu \u00cdch Than ho\u1ea1t t\u00ednh l\u00e0 [...]\t\t\t\t\t<\/p>\n\t\t\t\t\t                    \n\t\t\t\t\t\n\t\t\t\t\t\n\t\t\t\t\t<\/div>\n\t\t\t\t\t<\/div>\n\t\t\t\t\t\t\t\t\t<\/div>\n\t\t\t<\/div>\n\t\t<\/div><div class=\"col post-item\" >\n\t\t\t<div class=\"col-inner\">\n\t\t\t\t<div class=\"box box-default box-text-bottom box-blog-post has-hover\">\n          \t\t\t\t\t<div class=\"box-text text-left\" >\n\t\t\t\t\t<div class=\"box-text-inner blog-post-inner\">\n\n\t\t\t\t\t\n\t\t\t\t\t\t\t\t\t\t<h5 class=\"post-title is-large \">\n\t\t\t\t\t\t<a href=\"https:\/\/samocarbon.com.vn\/index.php\/2025\/04\/23\/chao-moi-nguoi\/\" class=\"plain\">Ch\u00e0o t\u1ea5t c\u1ea3 m\u1ecdi ng\u01b0\u1eddi!<\/a>\n\t\t\t\t\t<\/h5>\n\t\t\t\t\t<div class=\"post-meta is-small op-8\">23 Th\u00e1ng 4, 2025<\/div>\t\t\t\t\t<div class=\"is-divider\"><\/div>\n\t\t\t\t\t\t\t\t\t\t<p class=\"from_the_blog_excerpt \">\n\t\t\t\t\t\tC\u1ea3m \u01a1n v\u00ec \u0111\u00e3 s\u1eed d\u1ee5ng WordPress. \u0110\u00e2y l\u00e0 b\u00e0i vi\u1ebft \u0111\u1ea7u ti\u00ean c\u1ee7a b\u1ea1n. [...]\t\t\t\t\t<\/p>\n\t\t\t\t\t                                            <p class=\"from_the_blog_comments uppercase is-xsmall\">\n                            1 C\u00e1c b\u00ecnh lu\u1eadn                        <\/p>\n                    \n\t\t\t\t\t\n\t\t\t\t\t\n\t\t\t\t\t<\/div>\n\t\t\t\t\t<\/div>\n\t\t\t\t\t\t\t\t\t<\/div>\n\t\t\t<\/div>\n\t\t<\/div><\/div>\n\n\n\t\t<\/div>\n\t\t\t\t\t<\/div>\n\n\t\n\n\t<div id=\"col-277631700\" class=\"col medium-4 small-12 large-4\"  >\n\t\t\t\t<div class=\"col-inner\"  >\n\t\t\t\n\t\t\t\n\n\n\n<div style=\"font-family: Arial, sans-serif;\">\n  <!-- Ti\u00eau \u0111\u1ec1 tr\u00ean c\u00f9ng -->\n  <div style=\"font-weight: bold; font-size: 14px; margin-bottom: 5px; text-align: left;\">\n    SAMO CARBON TECH PRODUCTS\n  <\/div>\n\n  <!-- Ph\u1ea7n n\u1ed9i dung g\u1ed3m h\u00ecnh b\u00ean tr\u00e1i + m\u00f4 t\u1ea3 b\u00ean ph\u1ea3i -->\n  <div style=\"display: flex; align-items: flex-start;\">\n    <img decoding=\"async\" src=\"http:\/\/samocarbon.com.vn\/wp-content\/uploads\/2025\/04\/icon_home.png\" alt=\"Buildings and greenery\" style=\"width: 120px; height: auto; margin-right: 10px;\">\n    \n    <div style=\"text-align: left;\">\n      <div style=\"font-size: 13px; font-weight: bold;\">Carbon Products<\/div>\n      <div style=\"font-size: 12px; color: gray;\">PRODUCTS WILL BE FEATURED.<\/div>\n      <a href=\"\/contact\" style=\"margin-top: 0px; padding: 3px 8px; font-size: 12px;\">VIEW\u25b8<\/a>\n    <\/div>\n  <\/div>\n<\/div>\n\n\n\t\t<\/div>\n\t\t\t\t\t<\/div>\n\n\t\n\n\t<div id=\"col-898285025\" class=\"col medium-4 small-12 large-4\"  >\n\t\t\t\t<div class=\"col-inner\"  >\n\t\t\t\n\t\t\t\n\n\n\n<div style=\"display: flex; align-items: flex-start; font-family: Arial, sans-serif;\">\n  <div style=\"flex-grow: 1; text-align: left;\">\n    <div style=\"font-weight: bold; font-size: 14px;\">Carbon SAMO Directions<\/div>\n    <div style=\"font-size: 12px; color: gray;\">DIRECTIONS SHOW YOU<br>THE WAY PLEASE.<\/div>\n    <a href=\"\/map\" style=\"margin-top: 5px; padding: 3px 8px; font-size: 12px;\">VIEW \u25b8<\/a>\n  <\/div>\n  <img decoding=\"async\" src=\"http:\/\/samocarbon.com.vn\/wp-content\/uploads\/2025\/04\/icon_home3.png\" alt=\"Directions Icon\" style=\"width: 100px; height: auto; margin-left: 10px;\">\n<\/div>\n\n\n\t\t<\/div>\n\t\t\t\t\t<\/div>\n\n\t\n\n\t<div id=\"col-1097762257\" class=\"col medium-4 small-12 large-4\"  >\n\t\t\t\t<div class=\"col-inner\"  >\n\t\t\t\n\t\t\t\n\n\n  \n    <div class=\"row large-columns-1 medium-columns-1 small-columns-1 has-shadow row-box-shadow-1 slider row-slider slider-nav-reveal slider-nav-push\"  data-flickity-options='{\"imagesLoaded\": true, \"groupCells\": \"100%\", \"dragThreshold\" : 5, \"cellAlign\": \"left\",\"wrapAround\": true,\"prevNextButtons\": true,\"percentPosition\": true,\"pageDots\": false, \"rightToLeft\": false, \"autoPlay\" : false}' >\n\n  <\/div>\n\n\n\t\t<\/div>\n\t\t\t\t\t<\/div>\n\n\t\n\n\t<div id=\"col-1741774172\" class=\"col medium-4 small-12 large-4\"  >\n\t\t\t\t<div class=\"col-inner\"  >\n\t\t\t\n\t\t\t\n\n\n\n<div style=\"display: flex; justify-content: space-between; font-family: Arial, sans-serif; align-items: center;\">\n  <!-- Archives Block -->\n  <div style=\"display: flex; align-items: center; margin-right: 20px;\">\n    <img decoding=\"async\" src=\"http:\/\/samocarbon.com.vn\/wp-content\/uploads\/2025\/04\/icon_home1.png\" alt=\"Archives Icon\" style=\"width: 50px; height: auto; margin-right: 10px;\">\n    <div>\n      <div style=\"font-size: 14px; font-weight: bold;\">Archives<\/div>\n      <a href=\"\/blog\" style=\"margin-top: 5px; padding: 3px 8px; font-size: 12px;\">VIEW\u25b8<\/a>\n    <\/div>\n  <\/div>\n\n  <!-- Divider -->\n  <div style=\"height: 40px; width: 1px; background-color: #ccc;\"><\/div>\n\n  <!-- Contact Block -->\n  <div style=\"display: flex; align-items: center; margin-left: 20px;\">\n    <img decoding=\"async\" src=\"http:\/\/samocarbon.com.vn\/wp-content\/uploads\/2025\/04\/icon_home2.png\" alt=\"Contact Icon\" style=\"width: 50px; height: auto; margin-right: 10px;\">\n    <div>\n      <div style=\"font-size: 14px; font-weight: bold;\">Contact<\/div>\n      <a href=\"\/contact\" style=\"margin-top: 5px; padding: 3px 8px; font-size: 12px;\">VIEW\u25b8<\/a>\n    <\/div>\n  <\/div>\n<\/div>\n\n\n\t\t<\/div>\n\t\t\t\t\t<\/div>\n\n\t\n\n\t<div id=\"col-1072404273\" class=\"col medium-4 small-12 large-4\"  >\n\t\t\t\t<div class=\"col-inner\"  >\n\t\t\t\n\t\t\t\n\n\n\n<div style=\"display: flex; align-items: center; font-family: Arial, sans-serif;\">\n  <img decoding=\"async\" src=\"http:\/\/samocarbon.com.vn\/wp-content\/uploads\/2025\/04\/icon_home4.png\" alt=\"Contact Icon\" style=\"width: 60px; height: auto; margin-right: 10px;\">\n  \n  <div style=\"text-align: left;\">\n    <div style=\"font-style: italic; font-weight: bold; font-size: 14px;\">Contact telephone<\/div>\n    <div style=\"font-size: 12px; color: gray;\">&#8220;anywhere in the country&#8221;<\/div>\n    <div style=\"font-size: 16px; font-weight: bold; color: #007ACC;\">0271.221.1225<\/div>\n  <\/div>\n<\/div>\n\n\n\t\t<\/div>\n\t\t\t\t\t<\/div>\n\n\t\n\n\n<style>\n#row-33213603 > .col > .col-inner {\n  background-color: rgb(255,255,255);\n  border-radius: 40px;\n}\n<\/style>\n<\/div>\n<div class=\"container section-title-container\" ><h4 class=\"section-title section-title-center\"><b><\/b><span class=\"section-title-main\" >Li\u00ean h\u1ec7 v\u1edbi ch\u00fang t\u00f4i<\/span><b><\/b><\/h4><\/div>\n\n\n\n\n<div class=\"wpcf7 no-js\" id=\"wpcf7-f270-o1\" lang=\"vi\" dir=\"ltr\" data-wpcf7-id=\"270\">\n<div class=\"screen-reader-response\"><p role=\"status\" aria-live=\"polite\" aria-atomic=\"true\"><\/p> <ul><\/ul><\/div>\n<form action=\"\/index.php\/wp-json\/wp\/v2\/pages\/2#wpcf7-f270-o1\" method=\"post\" class=\"wpcf7-form init\" aria-label=\"Form li\u00ean h\u1ec7\" novalidate=\"novalidate\" data-status=\"init\">\n<div style=\"display: none;\">\n<input type=\"hidden\" name=\"_wpcf7\" value=\"270\" \/>\n<input type=\"hidden\" name=\"_wpcf7_version\" value=\"6.0.6\" \/>\n<input type=\"hidden\" name=\"_wpcf7_locale\" value=\"vi\" \/>\n<input type=\"hidden\" name=\"_wpcf7_unit_tag\" value=\"wpcf7-f270-o1\" \/>\n<input type=\"hidden\" name=\"_wpcf7_container_post\" value=\"0\" \/>\n<input type=\"hidden\" name=\"_wpcf7_posted_data_hash\" value=\"\" \/>\n<\/div>\n<p><label> Your name<br \/>\n<span class=\"wpcf7-form-control-wrap\" data-name=\"your-name\"><input size=\"40\" maxlength=\"400\" class=\"wpcf7-form-control wpcf7-text wpcf7-validates-as-required\" autocomplete=\"name\" aria-required=\"true\" aria-invalid=\"false\" value=\"\" type=\"text\" name=\"your-name\" \/><\/span> <\/label>\n<\/p>\n<p><label> Your Email<br \/>\n<span class=\"wpcf7-form-control-wrap\" data-name=\"your-email\"><input size=\"40\" maxlength=\"400\" class=\"wpcf7-form-control wpcf7-email wpcf7-validates-as-required wpcf7-text wpcf7-validates-as-email\" autocomplete=\"email\" aria-required=\"true\" aria-invalid=\"false\" value=\"\" type=\"email\" name=\"your-email\" \/><\/span> <\/label>\n<\/p>\n<p><label> Title<br \/>\n<span class=\"wpcf7-form-control-wrap\" data-name=\"your-subject\"><input size=\"40\" maxlength=\"400\" class=\"wpcf7-form-control wpcf7-text wpcf7-validates-as-required\" aria-required=\"true\" aria-invalid=\"false\" value=\"\" type=\"text\" name=\"your-subject\" \/><\/span> <\/label>\n<\/p>\n<p><label> Your message (not required)<br \/>\n<span class=\"wpcf7-form-control-wrap\" data-name=\"your-message\"><textarea cols=\"40\" rows=\"10\" maxlength=\"2000\" class=\"wpcf7-form-control wpcf7-textarea\" aria-invalid=\"false\" name=\"your-message\"><\/textarea><\/span> <\/label>\n<\/p>\n<p><input class=\"wpcf7-form-control wpcf7-submit has-spinner\" type=\"submit\" value=\"G\u1eedi\" \/>\n<\/p><div class=\"wpcf7-response-output\" aria-hidden=\"true\"><\/div>\n<\/form>\n<\/div>\n\n\n\n\t\t\t<\/div>\n\t\t<\/div>\n\t<\/div>\n\t\n\n","protected":false},"excerpt":{"rendered":"","protected":false},"author":1,"featured_media":0,"parent":0,"menu_order":0,"comment_status":"closed","ping_status":"open","template":"","meta":{"footnotes":""},"class_list":["post-2","page","type-page","status-publish","hentry"],"_links":{"self":[{"href":"https:\/\/samocarbon.com.vn\/index.php\/wp-json\/wp\/v2\/pages\/2","targetHints":{"allow":["GET"]}}],"collection":[{"href":"https:\/\/samocarbon.com.vn\/index.php\/wp-json\/wp\/v2\/pages"}],"about":[{"href":"https:\/\/samocarbon.com.vn\/index.php\/wp-json\/wp\/v2\/types\/page"}],"author":[{"embeddable":true,"href":"https:\/\/samocarbon.com.vn\/index.php\/wp-json\/wp\/v2\/users\/1"}],"replies":[{"embeddable":true,"href":"https:\/\/samocarbon.com.vn\/index.php\/wp-json\/wp\/v2\/comments?post=2"}],"version-history":[{"count":17,"href":"https:\/\/samocarbon.com.vn\/index.php\/wp-json\/wp\/v2\/pages\/2\/revisions"}],"predecessor-version":[{"id":328,"href":"https:\/\/samocarbon.com.vn\/index.php\/wp-json\/wp\/v2\/pages\/2\/revisions\/328"}],"wp:attachment":[{"href":"https:\/\/samocarbon.com.vn\/index.php\/wp-json\/wp\/v2\/media?parent=2"}],"curies":[{"name":"wp","href":"https:\/\/api.w.org\/{rel}","templated":true}]}}